{"id":13557,"date":"2025-05-19T09:34:10","date_gmt":"2025-05-19T09:34:10","guid":{"rendered":"https:\/\/ricardodaniel.com\/?page_id=13557"},"modified":"2025-05-19T09:47:00","modified_gmt":"2025-05-19T09:47:00","slug":"wp-content-uploads-2025-04-amordedeus_cor-1-png","status":"publish","type":"page","link":"https:\/\/ricardodaniel.com\/en\/wp-content-uploads-2025-04-amordedeus_cor-1-png\/","title":{"rendered":"Novo Log\u00f3tipo do Col\u00e9gio Amor de Deus"},"content":{"rendered":"<div data-elementor-type=\"wp-page\" data-elementor-id=\"13557\" class=\"elementor elementor-13557\" data-elementor-post-type=\"page\">\n\t\t\t\t\t\t<section class=\"elementor-section elementor-top-section elementor-element elementor-element-a64fc5c elementor-section-boxed elementor-section-height-default elementor-section-height-default\" data-id=\"a64fc5c\" data-element_type=\"section\">\n\t\t\t\t\t\t<div class=\"elementor-container elementor-column-gap-default\">\n\t\t\t\t\t<div class=\"elementor-column elementor-col-100 elementor-top-column elementor-element elementor-element-0e70148\" data-id=\"0e70148\" data-element_type=\"column\">\n\t\t\t<div class=\"elementor-widget-wrap elementor-element-populated\">\n\t\t\t\t\t\t<div class=\"elementor-element elementor-element-9a4ecba elementor-widget elementor-widget-image\" data-id=\"9a4ecba\" data-element_type=\"widget\" data-widget_type=\"image.default\">\n\t\t\t\t<div class=\"elementor-widget-container\">\n\t\t\t<style>\/*! elementor - v3.19.0 - 07-02-2024 *\/\n.elementor-widget-image{text-align:center}.elementor-widget-image a{display:inline-block}.elementor-widget-image a img[src$=\".svg\"]{width:48px}.elementor-widget-image img{vertical-align:middle;display:inline-block}<\/style>\t\t\t\t\t\t\t\t\t\t<img fetchpriority=\"high\" decoding=\"async\" width=\"768\" height=\"629\" src=\"https:\/\/ricardodaniel.com\/wp-content\/uploads\/2025\/05\/Group-1-768x629.png\" class=\"attachment-medium_large size-medium_large wp-image-13560\" alt=\"Logo Col\u00e9gio Amor de Deus\" srcset=\"https:\/\/ricardodaniel.com\/wp-content\/uploads\/2025\/05\/Group-1-768x629.png 768w, https:\/\/ricardodaniel.com\/wp-content\/uploads\/2025\/05\/Group-1-300x246.png 300w, https:\/\/ricardodaniel.com\/wp-content\/uploads\/2025\/05\/Group-1-1024x839.png 1024w, https:\/\/ricardodaniel.com\/wp-content\/uploads\/2025\/05\/Group-1-1536x1258.png 1536w, https:\/\/ricardodaniel.com\/wp-content\/uploads\/2025\/05\/Group-1-15x12.png 15w, https:\/\/ricardodaniel.com\/wp-content\/uploads\/2025\/05\/Group-1.png 1696w\" sizes=\"(max-width: 768px) 100vw, 768px\" \/>\t\t\t\t\t\t\t\t\t\t\t\t\t<\/div>\n\t\t\t\t<\/div>\n\t\t\t\t\t<\/div>\n\t\t<\/div>\n\t\t\t\t\t<\/div>\n\t\t<\/section>\n\t\t\t\t<\/div>","protected":false},"excerpt":{"rendered":"","protected":false},"author":3,"featured_media":0,"parent":0,"menu_order":0,"comment_status":"closed","ping_status":"closed","template":"","meta":{"footnotes":""},"class_list":["post-13557","page","type-page","status-publish","hentry"],"acf":[],"yoast_head":"<!-- This site is optimized with the Yoast SEO plugin v22.0 - https:\/\/yoast.com\/wordpress\/plugins\/seo\/ -->\n<title>Novo Log\u00f3tipo do Col\u00e9gio Amor de Deus - est\u00fadio Ricardo Daniel<\/title>\n<meta name=\"robots\" content=\"index, follow, max-snippet:-1, max-image-preview:large, max-video-preview:-1\" \/>\n<link rel=\"canonical\" href=\"https:\/\/ricardodaniel.com\/en\/wp-content-uploads-2025-04-amordedeus_cor-1-png\/\" \/>\n<meta property=\"og:locale\" content=\"en_US\" \/>\n<meta property=\"og:type\" content=\"article\" \/>\n<meta property=\"og:title\" content=\"Novo Log\u00f3tipo do Col\u00e9gio Amor de Deus - est\u00fadio Ricardo Daniel\" \/>\n<meta property=\"og:url\" content=\"https:\/\/ricardodaniel.com\/en\/wp-content-uploads-2025-04-amordedeus_cor-1-png\/\" \/>\n<meta property=\"og:site_name\" content=\"est\u00fadio Ricardo Daniel\" \/>\n<meta property=\"article:publisher\" content=\"https:\/\/www.facebook.com\/erd.pt\/\" \/>\n<meta property=\"article:modified_time\" content=\"2025-05-19T09:47:00+00:00\" \/>\n<meta property=\"og:image\" content=\"https:\/\/ricardodaniel.com\/wp-content\/uploads\/2025\/05\/Group-1-768x629.png\" \/>\n<meta name=\"twitter:card\" content=\"summary_large_image\" \/>\n<meta name=\"twitter:label1\" content=\"Est. reading time\" \/>\n\t<meta name=\"twitter:data1\" content=\"1 minute\" \/>\n<script type=\"application\/ld+json\" class=\"yoast-schema-graph\">{\"@context\":\"https:\/\/schema.org\",\"@graph\":[{\"@type\":\"WebPage\",\"@id\":\"https:\/\/ricardodaniel.com\/wp-content-uploads-2025-04-amordedeus_cor-1-png\/\",\"url\":\"https:\/\/ricardodaniel.com\/wp-content-uploads-2025-04-amordedeus_cor-1-png\/\",\"name\":\"Novo Log\u00f3tipo do Col\u00e9gio Amor de Deus - est\u00fadio Ricardo Daniel\",\"isPartOf\":{\"@id\":\"https:\/\/ricardodaniel.com\/#website\"},\"datePublished\":\"2025-05-19T09:34:10+00:00\",\"dateModified\":\"2025-05-19T09:47:00+00:00\",\"breadcrumb\":{\"@id\":\"https:\/\/ricardodaniel.com\/wp-content-uploads-2025-04-amordedeus_cor-1-png\/#breadcrumb\"},\"inLanguage\":\"en-US\",\"potentialAction\":[{\"@type\":\"ReadAction\",\"target\":[\"https:\/\/ricardodaniel.com\/wp-content-uploads-2025-04-amordedeus_cor-1-png\/\"]}]},{\"@type\":\"BreadcrumbList\",\"@id\":\"https:\/\/ricardodaniel.com\/wp-content-uploads-2025-04-amordedeus_cor-1-png\/#breadcrumb\",\"itemListElement\":[{\"@type\":\"ListItem\",\"position\":1,\"name\":\"In\u00edcio\",\"item\":\"https:\/\/ricardodaniel.com\/\"},{\"@type\":\"ListItem\",\"position\":2,\"name\":\"Novo Log\u00f3tipo do Col\u00e9gio Amor de Deus\"}]},{\"@type\":\"WebSite\",\"@id\":\"https:\/\/ricardodaniel.com\/#website\",\"url\":\"https:\/\/ricardodaniel.com\/\",\"name\":\"est\u00fadio Ricardo Daniel\",\"description\":\"marcas e log\u00f3tipos\",\"publisher\":{\"@id\":\"https:\/\/ricardodaniel.com\/#organization\"},\"potentialAction\":[{\"@type\":\"SearchAction\",\"target\":{\"@type\":\"EntryPoint\",\"urlTemplate\":\"https:\/\/ricardodaniel.com\/?s={search_term_string}\"},\"query-input\":\"required name=search_term_string\"}],\"inLanguage\":\"en-US\"},{\"@type\":\"Organization\",\"@id\":\"https:\/\/ricardodaniel.com\/#organization\",\"name\":\"est\u00fadio Ricardo Daniel\",\"url\":\"https:\/\/ricardodaniel.com\/\",\"logo\":{\"@type\":\"ImageObject\",\"inLanguage\":\"en-US\",\"@id\":\"https:\/\/ricardodaniel.com\/#\/schema\/logo\/image\/\",\"url\":\"https:\/\/ricardodaniel.com\/wp-content\/uploads\/2026\/04\/Website-Preview.png\",\"contentUrl\":\"https:\/\/ricardodaniel.com\/wp-content\/uploads\/2026\/04\/Website-Preview.png\",\"width\":1200,\"height\":630,\"caption\":\"est\u00fadio Ricardo Daniel\"},\"image\":{\"@id\":\"https:\/\/ricardodaniel.com\/#\/schema\/logo\/image\/\"},\"sameAs\":[\"https:\/\/www.facebook.com\/erd.pt\/\",\"https:\/\/www.instagram.com\/erd.pt\/\",\"https:\/\/pt.linkedin.com\/company\/ricardodanielstudio\"]}]}<\/script>\n<!-- \/ Yoast SEO plugin. -->","yoast_head_json":{"title":"Novo Log\u00f3tipo do Col\u00e9gio Amor de Deus - est\u00fadio Ricardo Daniel","robots":{"index":"index","follow":"follow","max-snippet":"max-snippet:-1","max-image-preview":"max-image-preview:large","max-video-preview":"max-video-preview:-1"},"canonical":"https:\/\/ricardodaniel.com\/en\/wp-content-uploads-2025-04-amordedeus_cor-1-png\/","og_locale":"en_US","og_type":"article","og_title":"Novo Log\u00f3tipo do Col\u00e9gio Amor de Deus - est\u00fadio Ricardo Daniel","og_url":"https:\/\/ricardodaniel.com\/en\/wp-content-uploads-2025-04-amordedeus_cor-1-png\/","og_site_name":"est\u00fadio Ricardo Daniel","article_publisher":"https:\/\/www.facebook.com\/erd.pt\/","article_modified_time":"2025-05-19T09:47:00+00:00","og_image":[{"url":"https:\/\/ricardodaniel.com\/wp-content\/uploads\/2025\/05\/Group-1-768x629.png"}],"twitter_card":"summary_large_image","twitter_misc":{"Est. reading time":"1 minute"},"schema":{"@context":"https:\/\/schema.org","@graph":[{"@type":"WebPage","@id":"https:\/\/ricardodaniel.com\/wp-content-uploads-2025-04-amordedeus_cor-1-png\/","url":"https:\/\/ricardodaniel.com\/wp-content-uploads-2025-04-amordedeus_cor-1-png\/","name":"Novo Log\u00f3tipo do Col\u00e9gio Amor de Deus - est\u00fadio Ricardo Daniel","isPartOf":{"@id":"https:\/\/ricardodaniel.com\/#website"},"datePublished":"2025-05-19T09:34:10+00:00","dateModified":"2025-05-19T09:47:00+00:00","breadcrumb":{"@id":"https:\/\/ricardodaniel.com\/wp-content-uploads-2025-04-amordedeus_cor-1-png\/#breadcrumb"},"inLanguage":"en-US","potentialAction":[{"@type":"ReadAction","target":["https:\/\/ricardodaniel.com\/wp-content-uploads-2025-04-amordedeus_cor-1-png\/"]}]},{"@type":"BreadcrumbList","@id":"https:\/\/ricardodaniel.com\/wp-content-uploads-2025-04-amordedeus_cor-1-png\/#breadcrumb","itemListElement":[{"@type":"ListItem","position":1,"name":"In\u00edcio","item":"https:\/\/ricardodaniel.com\/"},{"@type":"ListItem","position":2,"name":"Novo Log\u00f3tipo do Col\u00e9gio Amor de Deus"}]},{"@type":"WebSite","@id":"https:\/\/ricardodaniel.com\/#website","url":"https:\/\/ricardodaniel.com\/","name":"est\u00fadio Ricardo Daniel","description":"marcas e log\u00f3tipos","publisher":{"@id":"https:\/\/ricardodaniel.com\/#organization"},"potentialAction":[{"@type":"SearchAction","target":{"@type":"EntryPoint","urlTemplate":"https:\/\/ricardodaniel.com\/?s={search_term_string}"},"query-input":"required name=search_term_string"}],"inLanguage":"en-US"},{"@type":"Organization","@id":"https:\/\/ricardodaniel.com\/#organization","name":"est\u00fadio Ricardo Daniel","url":"https:\/\/ricardodaniel.com\/","logo":{"@type":"ImageObject","inLanguage":"en-US","@id":"https:\/\/ricardodaniel.com\/#\/schema\/logo\/image\/","url":"https:\/\/ricardodaniel.com\/wp-content\/uploads\/2026\/04\/Website-Preview.png","contentUrl":"https:\/\/ricardodaniel.com\/wp-content\/uploads\/2026\/04\/Website-Preview.png","width":1200,"height":630,"caption":"est\u00fadio Ricardo Daniel"},"image":{"@id":"https:\/\/ricardodaniel.com\/#\/schema\/logo\/image\/"},"sameAs":["https:\/\/www.facebook.com\/erd.pt\/","https:\/\/www.instagram.com\/erd.pt\/","https:\/\/pt.linkedin.com\/company\/ricardodanielstudio"]}]}},"_links":{"self":[{"href":"https:\/\/ricardodaniel.com\/en\/wp-json\/wp\/v2\/pages\/13557","targetHints":{"allow":["GET"]}}],"collection":[{"href":"https:\/\/ricardodaniel.com\/en\/wp-json\/wp\/v2\/pages"}],"about":[{"href":"https:\/\/ricardodaniel.com\/en\/wp-json\/wp\/v2\/types\/page"}],"author":[{"embeddable":true,"href":"https:\/\/ricardodaniel.com\/en\/wp-json\/wp\/v2\/users\/3"}],"replies":[{"embeddable":true,"href":"https:\/\/ricardodaniel.com\/en\/wp-json\/wp\/v2\/comments?post=13557"}],"version-history":[{"count":15,"href":"https:\/\/ricardodaniel.com\/en\/wp-json\/wp\/v2\/pages\/13557\/revisions"}],"predecessor-version":[{"id":13609,"href":"https:\/\/ricardodaniel.com\/en\/wp-json\/wp\/v2\/pages\/13557\/revisions\/13609"}],"wp:attachment":[{"href":"https:\/\/ricardodaniel.com\/en\/wp-json\/wp\/v2\/media?parent=13557"}],"curies":[{"name":"wp","href":"https:\/\/api.w.org\/{rel}","templated":true}]}}